{"id":3,"date":"2020-09-04T14:44:19","date_gmt":"2020-09-04T14:44:19","guid":{"rendered":"https:\/\/www.up-site.ro\/?page_id=3"},"modified":"2021-12-12T23:16:01","modified_gmt":"2021-12-12T23:16:01","slug":"privacy-policy","status":"publish","type":"page","link":"https:\/\/www.up-site.ro\/ro\/privacy-policy\/","title":{"rendered":"Politica de confiden\u021bialitate"},"content":{"rendered":"<div class=\"fusion-fullwidth fullwidth-box fusion-builder-row-1 fusion-flex-container nonhundred-percent-fullwidth non-hundred-percent-height-scrolling\" style=\"background-color: rgba(255,255,255,0);background-position: center center;background-repeat: no-repeat;border-width: 0px 0px 0px 0px;border-color:#e8eaf0;border-style:solid;\" ><div class=\"fusion-builder-row fusion-row fusion-flex-align-items-flex-start\" style=\"max-width:1310.4px;margin-left: calc(-4% \/ 2 );margin-right: calc(-4% \/ 2 );\"><div class=\"fusion-layout-column fusion_builder_column fusion-builder-column-0 fusion_builder_column_1_1 1_1 fusion-flex-column\"><div class=\"fusion-column-wrapper fusion-flex-justify-content-flex-start fusion-content-layout-column\" style=\"background-position:left top;background-repeat:no-repeat;-webkit-background-size:cover;-moz-background-size:cover;-o-background-size:cover;background-size:cover;padding: 0px 0px 0px 0px;\"><div class=\"fusion-text fusion-text-1\"><h1 style=\"--fontSize: 48; line-height: 1.12;\" data-fontsize=\"48\" data-lineheight=\"53.7599983215332px\" class=\"fusion-responsive-typography-calculated\">POLITICA DE PRELUCRARE A DATELOR CU CARACTER PERSONAL<\/h1>\n<p class=\"translation-block\"><strong>NOR RESIDENTIAL SOLUTIONS S.R.L<\/strong>., cu sediul social \u00een B-dul Dimitrie Pompei nr. 5-7, Hermes Business Campus, HBC 2 (Cladirea C), et. 1, camera 4, sector 2, Bucuresti, \u00eenregistrat\u0103 la Registrul Comer\u021bului sub nr. J40\/16881\/2018, Cod Unic de \u00cenregistrare 24593886, denumit\u0103 \u00een continuare \u201c<strong>Societatea<\/strong>\u201d,<\/p>\n<p class=\"translation-block\">\u00een conformitate cu Regulamentului (UE) nr. 2016\/679 privind protec\u021bia persoanelor fizice \u00een ceea ce prive\u0219te prelucrarea datelor cu caracter personal \u0219i privind libera circula\u021bie a acestor date \u0219i de abrogare a Directivei 95\/46\/CE (\u201c<strong>RGPD<\/strong>\u201d)<br><br>\nInformeaz\u0103 potentialii promitenti-cumparatori (\u201e<strong>Clientii<\/strong>\u201d) ai bunurilor care se doresc a fi transferate, asupra prelucr\u0103rii datelor cu caracter personal ale Clientilor (\u201c<strong>Datele<\/strong>\u201d), dup\u0103 cum urmeaz\u0103:<\/p>\n<p><strong>1.\tCategoriile de Date prelucrate<\/strong><\/p>\n<ol type=\"i\">\n<li>nume, prenume;<\/li>\n<li>na\u021bionalitate \/ cet\u0103\u021benie;<\/li>\n<li>data, locul na\u0219terii \u0219i v\u00e2rsta;<\/li>\n<li>adres\u0103 domiciliu \u0219i re\u0219edin\u021b\u0103;<\/li>\n<li>adresa e-mail profesional\u0103;<\/li>\n<li>num\u0103r telefon personal \u0219i profesional;<\/li>\n<li>date act identitate (e.g., serie \u0219i num\u0103r act identitate);<\/li>\n<li>cod numeric personal;<\/li>\n<li>stare civila si status marital.<\/li>\n<\/ol>\n<p><strong>2. Temeiul prelucr\u0103rii Datelor<\/strong><\/p>\n<p>2.1.\tDatele sunt obligatoriu a fi furnizate de Client \u0219i necesar a fi prelucrate de acestea pentru:<\/p>\n<ol>\n<li class=\"translation-block\">\u00eencheierea \u0219i executarea acordului de rezervare, a promisiunii de vanzare-cumparare, a contractului de vanzare-cumparare cu Societatea (\u201e<strong>Contractul<\/strong>\u201d);<\/li>\n<li>\u00eendeplinirea obliga\u021biilor legale ale Societ\u0103\u021bii cu privire, printre altele, la \u021binerea eviden\u021bei contabile.<\/li>\n<\/ol>\n<p>2.2.\tClientii sunt rugati sa furnizeze datele cu carater personal, date necesare in vederea incheierii documentelor. Refuzul furnizarii Datelor va duce la imposibilitatea incheierii operatiunilor legale si a contractelor.<\/p>\n<p><strong>3. Scopul Prelucr\u0103rii Datelor<\/strong><\/p>\n<p>3.1. Datele vor fi prelucrate \u00een scopurile \u00eencheierii \u0219i execut\u0103rii Contractului, \u021binerii eviden\u021bei contabile, solu\u021bion\u0103rii litigiilor care se pot na\u0219te din executarea Contractului \u00eencheiat. De asemenea,<\/p>\n<p>3.2. Datele pot fi prelucrate \u00een vederea:<\/p>\n<ol type=\"i\">\n<li>furniz\u0103rii informa\u021biilor solicitate de c\u0103tre Client,<\/li>\n<li>contact\u0103rii Clientului de c\u0103tre Societate, atunci c\u00e2nd este necesar sau<\/li>\n<li>\u00een scop de marketing direct, \u00een cazul \u00een care Clientul a consim\u021bit la aceasta prin bifarea \u0219i completarea c\u0103su\u021bei de mai jos.<\/li>\n<\/ol>\n<p><strong>4. Durata prelucr\u0103rii Datelor<\/strong><\/p>\n<p>4.1. Datele vor fi p\u0103strate pe \u00eentreaga durat\u0103 a Contractului, precum \u0219i ulterior \u00eencet\u0103rii acestuia, pe durata impus\u0103 de reglement\u0103rile legale cu privire la \u021binerea contabilit\u0103\u021bii.<\/p>\n<p>4.2. \u00cen cazul \u00een care negocierile dintre Societate \u0219i Client nu au condus la \u00eencheierea Contractului, Societatea va \u0219terge Datele la momentul \u00eencet\u0103rii negocierilor, cu excep\u021bia cazului \u00een care Clientul a consim\u021bit \u00een mod expres la primirea informa\u021biilor de marketing din partea Societ\u0103\u021bii, sens \u00een care va continua prelucrarea Datelor men\u021bionate la punctul 1. literele i, v \u0219i vi de mai sus.<\/p>\n<p><strong>5. Destinatarii Datelor<\/strong><\/p>\n<p>5.1. Datele vor fi utilizate de c\u0103tre Societate. Politica noastra este de a nu dezvalui, partaja, vinde sau inchiria date cu caracter personal catre terti intr-un mod diferit de cel prevazut in aceasta Politica de confidentialitate. Poate fi necesara deazvaluirea datelor cu caracter personal (inclusiv prin furnizarea de acces la distanta), numai prin aplicatii securizate, catre terti, cum ar fi:<\/p>\n<ol type=\"i\">\n<li>notarului public ales de Societate sau de Clienti;<\/li>\n<li>avoca\u021bilor Societ\u0103\u021bii;<\/li>\n<li>agentii imobiliari cu care am incheiat contracte de colaborare, respectiv Knight Frank Romania S.R.L., cu sediul social in Bucuresti, Sector 1, Calea Dorobantilor nr. 239, etajul 3, inregistrata la Registrul Comertului sub nr. J40\/3663\/2009, CUI RO25307184, procesator de date cu caracter personal in conformitate cu politica de confidentialitate Knight Frank disponibila la <a class=\"fusion-one-page-text-link\">https:\/\/www.knightfrank.com\/legals\/privacy-statement<\/a>;<\/li>\n<li>societatilor externe de Contabilitate, daca este cazul, precum si<\/li>\n<li>instan\u021belor de judecat\u0103, executorilor judec\u0103tore\u0219ti \u00een cazul unor dispute \u00een leg\u0103tur\u0103 cu \u00eencheierea \u0219i executarea Contractului.<\/li>\n<\/ol>\n<p><strong>6. Transferul Datelor<\/strong><\/p>\n<p>6.1. Datele pot fi transferate \u00een alte state din Uniunea European\u0103 \u00een vederea realiz\u0103rii eviden\u021belor interne de c\u0103tre grupurile din care face parte Societatea, f\u0103r\u0103 a fi necesar consim\u021b\u0103m\u00e2ntul \u0219i informarea prealabil\u0103 a Clientului.<\/p>\n<p>6.2. \u00cen situa\u021bia \u00een care Societatea va inten\u021biona s\u0103 transfere Datele c\u0103tre state din afara Uniunii Europene, Clientul va fi informat \u00een prealabil.<\/p>\n<p><strong>7. Accesarea Datelor<\/strong><\/p>\n<p>7.1. Datele vor fi accesate de c\u0103tre salaria\u021bii\/ colaboratorii Societ\u0103\u021bii cu atribu\u021bii \u00een prelucrarea Datelor numai \u00een scopurile men\u021bionate la pct. 3 de mai sus, iar respectivii salaria\u021bi\/ colaboratori sunt obliga\u021bi s\u0103 p\u0103streze confiden\u021bialitatea Datelor, fiind instrui\u021bi cu privire la protec\u021bia Datelor.<\/p>\n<p><strong>8. Modalitatea de prelucrare a Datelor:<\/strong><\/p>\n<p>8.1.\tprin mijloace automatizate \u0219i manual.<\/p>\n<p><strong>9. Obliga\u021biile Societ\u0103\u021bii \u00een ceea ce prive\u0219te Datele<\/strong><\/p>\n<p>9.1.\tSocietatea se oblig\u0103 s\u0103:<\/p>\n<ol type=\"a\">\n<li>prelucreze Datele conform prezentei note de informare \u0219i legisla\u021biei specifice \u00een vigoare;<\/li>\n<li>prelucreze Datele numai prin intermediul unor pagini securizate;<\/li>\n<li>confirme Clientului prelucrarea sau nu a Datelor ca urmare a unei cereri datate \u0219i semnate adresate \u00een scris;<\/li>\n<li>rectifice, actualizeze, blocheze, \u0219tearg\u0103 sau transforme \u00een date anonime, \u00een mod gratuit, Datele a c\u0103ror prelucrare nu este conform\u0103 dispozi\u021biilor legale;<\/li>\n<li>\u00eenceteze \u00een mod gratuit prelucrarea Datelor care nu sunt prelucrate conform dispozi\u021biilor legale;<\/li>\n<li>adopte toate m\u0103surile de securitate necesare pentru protec\u021bia Datelor \u00eempotriva accesului neautorizat la Date;<\/li>\n<li>faciliteze exercitarea drepturilor persoanelor fizice \u00een ceea ce prive\u0219te Datele;<\/li>\n<li>notifice autorit\u0103\u021bile competente \u00een cazul \u00eenc\u0103lc\u0103rii securit\u0103\u021bii Datelor;<\/li>\n<li>s\u0103 informeze persoanelor fizice cu privire la \u00eenc\u0103lcarea securit\u0103\u021bii Datelor, dac\u0103 \u00eenc\u0103lcarea este susceptibil\u0103 s\u0103 genereze un risc ridicat pentru drepturile acestora;<\/li>\n<\/ol>\n<p><strong>10.\tObliga\u021biile Clientului \u00een ceea ce prive\u0219te Datele<\/strong><\/p>\n<p>10.1 Clientii se obliga sa:<\/p>\n<ol type=\"a\">\n<li>furnizeze Date adev\u0103rate, exacte \u0219i complete despre reprezentan\u021bii lor legali sau alte persoane de contact. \u00cen cazul \u00een care Datele nu sunt adev\u0103rate, exacte \u0219i complete, Clientul are obliga\u021bia de a notifica Societatea \u00een cel mai scurt timp \u00een vederea remedierii acestei situa\u021bii;<\/li>\n<li>\u00eennoiasc\u0103 Datele, atunci c\u00e2nd situa\u021bia o cere, pentru a fi adev\u0103rate, exacte \u0219i complete.<\/li>\n<\/ol>\n<p><strong>11. Drepturile Clientului \u00een ceea ce prive\u0219te Datele<\/strong><\/p>\n<p>11.1.\tClientul are, \u00een principal, urm\u0103toarele drepturi:<\/p>\n<ol type=\"a\">\n<li><u>dreptul de acces la Date, respectiv de a (i) ob\u021bine din partea Societ\u0103\u021bii o confirmare c\u0103 se prelucreaz\u0103 sau nu Date care \u00eei privesc; (ii) fi informate cu privire la transferul Datelor \u00een state din afara Uniunii Europene; (iii) primi din partea Societ\u0103\u021bii o copie a Datelor prelucrate; \u00cen vederea exercit\u0103rii dreptului de acces, Clientul va adresa o cerere scris\u0103, datat\u0103 \u0219i semnat\u0103 c\u0103tre Societate;<\/u>, respectively to:\n<ol type=\"i\">\n<li>obtain from the Company confirmation if data relating to them is\/not being processed;<\/li>\n<li>be informed of the transfer of data to states outside the European Union;<\/li>\n<li>receive from the Company a copy of the processed Data.<br \/>\nIn order to exercise the right of access, Clients will submit with the Company a written request, dated and signed.<\/li>\n<\/ol>\n<\/li>\n<li class=\"translation-block\">dreptul la rectificarea Datelor, respectiv de a ob\u021bine completarea Datelor care sunt incomplete;<\/li>\n<li class=\"translation-block\">dreptul la \u0219tergerea Datelor care exced\u0103 Datele obligatorii a fi furnizate pentru \u00eencheierea \u0219i executarea Contractului, pentru \u00eendeplinirea obliga\u021biilor legale ale Societ\u0103\u021bii;<\/li>\n<li><u>dreptul la restric\u021bionarea prelucr\u0103rii Datelor<\/u>;<\/li>\n<li><u>dreptul la portabilitatea Datelor, respectiv transmiterea Datelor direct de c\u0103tre Societate c\u0103tre alte entit\u0103\u021bi, la cererea Clientului, dac\u0103 acest lucru este fezabil din punct de vedere tehnic;<\/u>, i.e. the transmission of the Data directly by the Company to other entities at the Clients request, if this is technically possible;<\/li>\n<li class=\"translation-block\">dreptul de a se opune prelucr\u0103rii Datelor care exced\u0103 Datele obligatorii a fi furnizate pentru \u00eencheierea \u0219i executarea Contractului, pentru \u00eendeplinirea obliga\u021biilor legale ale Societ\u0103\u021bii \u0219i pentru interesele legitime ale Societ\u0103\u021bii;<\/li>\n<li class=\"translation-block\">dreptul de a se adresa autorit\u0103\u021bilor competente \u00een cazul \u00een care consider\u0103 c\u0103 prelucrarea Datelor \u00eencalc\u0103 dispozi\u021biile legale.<\/li>\n<\/ol>\n<\/div><\/div><style type=\"text\/css\">.fusion-body .fusion-builder-column-0{width:100% !important;margin-top : 0px;margin-bottom : 20px;}.fusion-builder-column-0 > .fusion-column-wrapper {padding-top : 0px !important;padding-right : 0px !important;margin-right : 1.92%;padding-bottom : 0px !important;padding-left : 0px !important;margin-left : 1.92%;}@media only screen and (max-width:1024px) {.fusion-body .fusion-builder-column-0{width:100% !important;order : 0;}.fusion-builder-column-0 > .fusion-column-wrapper {margin-right : 1.92%;margin-left : 1.92%;}}@media only screen and (max-width:640px) {.fusion-body .fusion-builder-column-0{width:100% !important;order : 0;}.fusion-builder-column-0 > .fusion-column-wrapper {margin-right : 1.92%;margin-left : 1.92%;}}<\/style><\/div><\/div><style type=\"text\/css\">.fusion-body .fusion-flex-container.fusion-builder-row-1{ padding-top : 0px;margin-top : 0px;padding-right : 0px;padding-bottom : 0px;margin-bottom : 0px;padding-left : 0px;}<\/style><\/div>","protected":false},"excerpt":{"rendered":"","protected":false},"author":1,"featured_media":0,"parent":0,"menu_order":0,"comment_status":"closed","ping_status":"open","template":"","meta":{"inline_featured_image":false,"footnotes":"","_links_to":"","_links_to_target":""},"class_list":["post-3","page","type-page","status-publish","hentry"],"yoast_head":"<!-- This site is optimized with the Yoast SEO plugin v26.8 - https:\/\/yoast.com\/product\/yoast-seo-wordpress\/ -->\n<title>Privacy Policy - UP-site<\/title>\n<meta name=\"robots\" content=\"index, follow, max-snippet:-1, max-image-preview:large, max-video-preview:-1\" \/>\n<link rel=\"canonical\" href=\"https:\/\/www.up-site.ro\/ro\/privacy-policy\/\" \/>\n<meta property=\"og:locale\" content=\"ro_RO\" \/>\n<meta property=\"og:type\" content=\"article\" \/>\n<meta property=\"og:title\" content=\"Privacy Policy - UP-site\" \/>\n<meta property=\"og:url\" content=\"https:\/\/www.up-site.ro\/ro\/privacy-policy\/\" \/>\n<meta property=\"og:site_name\" content=\"UP-site\" \/>\n<meta property=\"article:publisher\" content=\"https:\/\/www.facebook.com\/upsitebyatenor\" \/>\n<meta property=\"article:modified_time\" content=\"2021-12-12T23:16:01+00:00\" \/>\n<meta property=\"og:image\" content=\"https:\/\/www.up-site.ro\/wp-content\/uploads\/2021\/02\/up-towers-new.jpg\" \/>\n\t<meta property=\"og:image:width\" content=\"1200\" \/>\n\t<meta property=\"og:image:height\" content=\"840\" \/>\n\t<meta property=\"og:image:type\" content=\"image\/jpeg\" \/>\n<meta name=\"twitter:card\" content=\"summary_large_image\" \/>\n<meta name=\"twitter:label1\" content=\"Timp estimat pentru citire\" \/>\n\t<meta name=\"twitter:data1\" content=\"2 minute\" \/>\n<script type=\"application\/ld+json\" class=\"yoast-schema-graph\">{\"@context\":\"https:\/\/schema.org\",\"@graph\":[{\"@type\":\"WebPage\",\"@id\":\"https:\/\/www.up-site.ro\/privacy-policy\/\",\"url\":\"https:\/\/www.up-site.ro\/privacy-policy\/\",\"name\":\"Privacy Policy - UP-site\",\"isPartOf\":{\"@id\":\"https:\/\/www.up-site.ro\/#website\"},\"datePublished\":\"2020-09-04T14:44:19+00:00\",\"dateModified\":\"2021-12-12T23:16:01+00:00\",\"breadcrumb\":{\"@id\":\"https:\/\/www.up-site.ro\/privacy-policy\/#breadcrumb\"},\"inLanguage\":\"ro-RO\",\"potentialAction\":[{\"@type\":\"ReadAction\",\"target\":[\"https:\/\/www.up-site.ro\/privacy-policy\/\"]}]},{\"@type\":\"BreadcrumbList\",\"@id\":\"https:\/\/www.up-site.ro\/privacy-policy\/#breadcrumb\",\"itemListElement\":[{\"@type\":\"ListItem\",\"position\":1,\"name\":\"Home\",\"item\":\"https:\/\/www.up-site.ro\/\"},{\"@type\":\"ListItem\",\"position\":2,\"name\":\"Privacy Policy\"}]},{\"@type\":\"WebSite\",\"@id\":\"https:\/\/www.up-site.ro\/#website\",\"url\":\"https:\/\/www.up-site.ro\/\",\"name\":\"UP-site\",\"description\":\"Choose your horizon\",\"publisher\":{\"@id\":\"https:\/\/www.up-site.ro\/#organization\"},\"potentialAction\":[{\"@type\":\"SearchAction\",\"target\":{\"@type\":\"EntryPoint\",\"urlTemplate\":\"https:\/\/www.up-site.ro\/?s={search_term_string}\"},\"query-input\":{\"@type\":\"PropertyValueSpecification\",\"valueRequired\":true,\"valueName\":\"search_term_string\"}}],\"inLanguage\":\"ro-RO\"},{\"@type\":\"Organization\",\"@id\":\"https:\/\/www.up-site.ro\/#organization\",\"name\":\"Up-site\",\"url\":\"https:\/\/www.up-site.ro\/\",\"logo\":{\"@type\":\"ImageObject\",\"inLanguage\":\"ro-RO\",\"@id\":\"https:\/\/www.up-site.ro\/#\/schema\/logo\/image\/\",\"url\":\"https:\/\/www.up-site.ro\/wp-content\/uploads\/2021\/02\/upsite-towers.jpg\",\"contentUrl\":\"https:\/\/www.up-site.ro\/wp-content\/uploads\/2021\/02\/upsite-towers.jpg\",\"width\":2000,\"height\":1400,\"caption\":\"Up-site\"},\"image\":{\"@id\":\"https:\/\/www.up-site.ro\/#\/schema\/logo\/image\/\"},\"sameAs\":[\"https:\/\/www.facebook.com\/upsitebyatenor\",\"https:\/\/www.instagram.com\/upsitebyatenor\/\"]}]}<\/script>\n<!-- \/ Yoast SEO plugin. -->","yoast_head_json":{"title":"Privacy Policy - UP-site","robots":{"index":"index","follow":"follow","max-snippet":"max-snippet:-1","max-image-preview":"max-image-preview:large","max-video-preview":"max-video-preview:-1"},"canonical":"https:\/\/www.up-site.ro\/ro\/privacy-policy\/","og_locale":"ro_RO","og_type":"article","og_title":"Privacy Policy - UP-site","og_url":"https:\/\/www.up-site.ro\/ro\/privacy-policy\/","og_site_name":"UP-site","article_publisher":"https:\/\/www.facebook.com\/upsitebyatenor","article_modified_time":"2021-12-12T23:16:01+00:00","og_image":[{"width":1200,"height":840,"url":"https:\/\/www.up-site.ro\/wp-content\/uploads\/2021\/02\/up-towers-new.jpg","type":"image\/jpeg"}],"twitter_card":"summary_large_image","twitter_misc":{"Timp estimat pentru citire":"2 minute"},"schema":{"@context":"https:\/\/schema.org","@graph":[{"@type":"WebPage","@id":"https:\/\/www.up-site.ro\/privacy-policy\/","url":"https:\/\/www.up-site.ro\/privacy-policy\/","name":"Privacy Policy - UP-site","isPartOf":{"@id":"https:\/\/www.up-site.ro\/#website"},"datePublished":"2020-09-04T14:44:19+00:00","dateModified":"2021-12-12T23:16:01+00:00","breadcrumb":{"@id":"https:\/\/www.up-site.ro\/privacy-policy\/#breadcrumb"},"inLanguage":"ro-RO","potentialAction":[{"@type":"ReadAction","target":["https:\/\/www.up-site.ro\/privacy-policy\/"]}]},{"@type":"BreadcrumbList","@id":"https:\/\/www.up-site.ro\/privacy-policy\/#breadcrumb","itemListElement":[{"@type":"ListItem","position":1,"name":"Home","item":"https:\/\/www.up-site.ro\/"},{"@type":"ListItem","position":2,"name":"Privacy Policy"}]},{"@type":"WebSite","@id":"https:\/\/www.up-site.ro\/#website","url":"https:\/\/www.up-site.ro\/","name":"UP-site","description":"Alege-\u021bi orizontul","publisher":{"@id":"https:\/\/www.up-site.ro\/#organization"},"potentialAction":[{"@type":"SearchAction","target":{"@type":"EntryPoint","urlTemplate":"https:\/\/www.up-site.ro\/?s={search_term_string}"},"query-input":{"@type":"PropertyValueSpecification","valueRequired":true,"valueName":"search_term_string"}}],"inLanguage":"ro-RO"},{"@type":"Organization","@id":"https:\/\/www.up-site.ro\/#organization","name":"Up-site","url":"https:\/\/www.up-site.ro\/","logo":{"@type":"ImageObject","inLanguage":"ro-RO","@id":"https:\/\/www.up-site.ro\/#\/schema\/logo\/image\/","url":"https:\/\/www.up-site.ro\/wp-content\/uploads\/2021\/02\/upsite-towers.jpg","contentUrl":"https:\/\/www.up-site.ro\/wp-content\/uploads\/2021\/02\/upsite-towers.jpg","width":2000,"height":1400,"caption":"Up-site"},"image":{"@id":"https:\/\/www.up-site.ro\/#\/schema\/logo\/image\/"},"sameAs":["https:\/\/www.facebook.com\/upsitebyatenor","https:\/\/www.instagram.com\/upsitebyatenor\/"]}]}},"_links":{"self":[{"href":"https:\/\/www.up-site.ro\/ro\/wp-json\/wp\/v2\/pages\/3","targetHints":{"allow":["GET"]}}],"collection":[{"href":"https:\/\/www.up-site.ro\/ro\/wp-json\/wp\/v2\/pages"}],"about":[{"href":"https:\/\/www.up-site.ro\/ro\/wp-json\/wp\/v2\/types\/page"}],"author":[{"embeddable":true,"href":"https:\/\/www.up-site.ro\/ro\/wp-json\/wp\/v2\/users\/1"}],"replies":[{"embeddable":true,"href":"https:\/\/www.up-site.ro\/ro\/wp-json\/wp\/v2\/comments?post=3"}],"version-history":[{"count":20,"href":"https:\/\/www.up-site.ro\/ro\/wp-json\/wp\/v2\/pages\/3\/revisions"}],"predecessor-version":[{"id":5749,"href":"https:\/\/www.up-site.ro\/ro\/wp-json\/wp\/v2\/pages\/3\/revisions\/5749"}],"wp:attachment":[{"href":"https:\/\/www.up-site.ro\/ro\/wp-json\/wp\/v2\/media?parent=3"}],"curies":[{"name":"wp","href":"https:\/\/api.w.org\/{rel}","templated":true}]}}